{"id":228,"date":"2022-11-10T13:45:04","date_gmt":"2022-11-10T13:45:04","guid":{"rendered":"https:\/\/export.mercurytheme.com\/001\/?page_id=228"},"modified":"2025-11-04T13:37:39","modified_gmt":"2025-11-04T13:37:39","slug":"casinos","status":"publish","type":"page","link":"https:\/\/agitated-diffie.164-68-119-74.plesk.page\/index.php\/casinos\/","title":{"rendered":"Casinos"},"content":{"rendered":"\n<h2 class=\"wp-block-heading\">La s\u00e9lection utile des meilleurs casinos en ligne<\/h2>\n\n\n\n<p>Sur BestOfCasinosBonus, l\u2019objectif est simple : aider \u00e0 choisir rapidement un casino s\u00e9rieux, des bonus clairs et des retraits sans mauvaise surprise. Ce classement s\u2019appuie sur des crit\u00e8res concrets et v\u00e9rifiables, mis \u00e0 jour r\u00e9guli\u00e8rement pour rester pertinent.<\/p>\n\n\n\n<p>Les crit\u00e8res qui comptent vraiment<\/p>\n","protected":false},"excerpt":{"rendered":"<p>La s\u00e9lection utile des meilleurs casinos en ligne Sur BestOfCasinosBonus, l\u2019objectif est simple : aider \u00e0 choisir rapidement un casino s\u00e9rieux, des bonus clairs et des retraits sans mauvaise surprise. Ce classement s\u2019appuie sur des crit\u00e8res concrets et v\u00e9rifiables, mis \u00e0 jour r\u00e9guli\u00e8rement pour rester pertinent. Les crit\u00e8res qui comptent vraiment<\/p>\n","protected":false},"author":1,"featured_media":0,"parent":0,"menu_order":0,"comment_status":"closed","ping_status":"closed","template":"page-casino-archive-style-1.php","meta":{"footnotes":""},"class_list":["post-228","page","type-page","status-publish","hentry"],"yoast_head":"<!-- This site is optimized with the Yoast SEO plugin v26.6 - https:\/\/yoast.com\/wordpress\/plugins\/seo\/ -->\n<title>Casinos - Best Of Casinos Bonus !<\/title>\n<meta name=\"robots\" content=\"index, follow, max-snippet:-1, max-image-preview:large, max-video-preview:-1\" \/>\n<link rel=\"canonical\" href=\"https:\/\/agitated-diffie.164-68-119-74.plesk.page\/index.php\/casinos\/\" \/>\n<meta property=\"og:locale\" content=\"fr_FR\" \/>\n<meta property=\"og:type\" content=\"article\" \/>\n<meta property=\"og:title\" content=\"Casinos - Best Of Casinos Bonus !\" \/>\n<meta property=\"og:description\" content=\"La s\u00e9lection utile des meilleurs casinos en ligne Sur BestOfCasinosBonus, l\u2019objectif est simple : aider \u00e0 choisir rapidement un casino s\u00e9rieux, des bonus clairs et des retraits sans mauvaise surprise. Ce classement s\u2019appuie sur des crit\u00e8res concrets et v\u00e9rifiables, mis \u00e0 jour r\u00e9guli\u00e8rement pour rester pertinent. Les crit\u00e8res qui comptent vraiment\" \/>\n<meta property=\"og:url\" content=\"https:\/\/agitated-diffie.164-68-119-74.plesk.page\/index.php\/casinos\/\" \/>\n<meta property=\"og:site_name\" content=\"Best Of Casinos Bonus !\" \/>\n<meta property=\"article:modified_time\" content=\"2025-11-04T13:37:39+00:00\" \/>\n<meta name=\"twitter:card\" content=\"summary_large_image\" \/>\n<meta name=\"twitter:label1\" content=\"Dur\u00e9e de lecture estim\u00e9e\" \/>\n\t<meta name=\"twitter:data1\" content=\"1 minute\" \/>\n<script type=\"application\/ld+json\" class=\"yoast-schema-graph\">{\"@context\":\"https:\/\/schema.org\",\"@graph\":[{\"@type\":\"WebPage\",\"@id\":\"https:\/\/agitated-diffie.164-68-119-74.plesk.page\/index.php\/casinos\/\",\"url\":\"https:\/\/agitated-diffie.164-68-119-74.plesk.page\/index.php\/casinos\/\",\"name\":\"Casinos - Best Of Casinos Bonus !\",\"isPartOf\":{\"@id\":\"https:\/\/agitated-diffie.164-68-119-74.plesk.page\/#website\"},\"datePublished\":\"2022-11-10T13:45:04+00:00\",\"dateModified\":\"2025-11-04T13:37:39+00:00\",\"breadcrumb\":{\"@id\":\"https:\/\/agitated-diffie.164-68-119-74.plesk.page\/index.php\/casinos\/#breadcrumb\"},\"inLanguage\":\"fr-FR\",\"potentialAction\":[{\"@type\":\"ReadAction\",\"target\":[\"https:\/\/agitated-diffie.164-68-119-74.plesk.page\/index.php\/casinos\/\"]}]},{\"@type\":\"BreadcrumbList\",\"@id\":\"https:\/\/agitated-diffie.164-68-119-74.plesk.page\/index.php\/casinos\/#breadcrumb\",\"itemListElement\":[{\"@type\":\"ListItem\",\"position\":1,\"name\":\"Accueil\",\"item\":\"https:\/\/agitated-diffie.164-68-119-74.plesk.page\/\"},{\"@type\":\"ListItem\",\"position\":2,\"name\":\"Casinos\"}]},{\"@type\":\"WebSite\",\"@id\":\"https:\/\/agitated-diffie.164-68-119-74.plesk.page\/#website\",\"url\":\"https:\/\/agitated-diffie.164-68-119-74.plesk.page\/\",\"name\":\"Best Of Casinos Bonus !\",\"description\":\"\",\"publisher\":{\"@id\":\"https:\/\/agitated-diffie.164-68-119-74.plesk.page\/#organization\"},\"potentialAction\":[{\"@type\":\"SearchAction\",\"target\":{\"@type\":\"EntryPoint\",\"urlTemplate\":\"https:\/\/agitated-diffie.164-68-119-74.plesk.page\/?s={search_term_string}\"},\"query-input\":{\"@type\":\"PropertyValueSpecification\",\"valueRequired\":true,\"valueName\":\"search_term_string\"}}],\"inLanguage\":\"fr-FR\"},{\"@type\":\"Organization\",\"@id\":\"https:\/\/agitated-diffie.164-68-119-74.plesk.page\/#organization\",\"name\":\"Best Of Casinos Bonus !\",\"url\":\"https:\/\/agitated-diffie.164-68-119-74.plesk.page\/\",\"logo\":{\"@type\":\"ImageObject\",\"inLanguage\":\"fr-FR\",\"@id\":\"https:\/\/agitated-diffie.164-68-119-74.plesk.page\/#\/schema\/logo\/image\/\",\"url\":\"https:\/\/agitated-diffie.164-68-119-74.plesk.page\/wp-content\/uploads\/2025\/10\/cropped-logo-PNG.png\",\"contentUrl\":\"https:\/\/agitated-diffie.164-68-119-74.plesk.page\/wp-content\/uploads\/2025\/10\/cropped-logo-PNG.png\",\"width\":1000,\"height\":322,\"caption\":\"Best Of Casinos Bonus !\"},\"image\":{\"@id\":\"https:\/\/agitated-diffie.164-68-119-74.plesk.page\/#\/schema\/logo\/image\/\"}}]}<\/script>\n<!-- \/ Yoast SEO plugin. -->","yoast_head_json":{"title":"Casinos - Best Of Casinos Bonus !","robots":{"index":"index","follow":"follow","max-snippet":"max-snippet:-1","max-image-preview":"max-image-preview:large","max-video-preview":"max-video-preview:-1"},"canonical":"https:\/\/agitated-diffie.164-68-119-74.plesk.page\/index.php\/casinos\/","og_locale":"fr_FR","og_type":"article","og_title":"Casinos - Best Of Casinos Bonus !","og_description":"La s\u00e9lection utile des meilleurs casinos en ligne Sur BestOfCasinosBonus, l\u2019objectif est simple : aider \u00e0 choisir rapidement un casino s\u00e9rieux, des bonus clairs et des retraits sans mauvaise surprise. Ce classement s\u2019appuie sur des crit\u00e8res concrets et v\u00e9rifiables, mis \u00e0 jour r\u00e9guli\u00e8rement pour rester pertinent. Les crit\u00e8res qui comptent vraiment","og_url":"https:\/\/agitated-diffie.164-68-119-74.plesk.page\/index.php\/casinos\/","og_site_name":"Best Of Casinos Bonus !","article_modified_time":"2025-11-04T13:37:39+00:00","twitter_card":"summary_large_image","twitter_misc":{"Dur\u00e9e de lecture estim\u00e9e":"1 minute"},"schema":{"@context":"https:\/\/schema.org","@graph":[{"@type":"WebPage","@id":"https:\/\/agitated-diffie.164-68-119-74.plesk.page\/index.php\/casinos\/","url":"https:\/\/agitated-diffie.164-68-119-74.plesk.page\/index.php\/casinos\/","name":"Casinos - Best Of Casinos Bonus !","isPartOf":{"@id":"https:\/\/agitated-diffie.164-68-119-74.plesk.page\/#website"},"datePublished":"2022-11-10T13:45:04+00:00","dateModified":"2025-11-04T13:37:39+00:00","breadcrumb":{"@id":"https:\/\/agitated-diffie.164-68-119-74.plesk.page\/index.php\/casinos\/#breadcrumb"},"inLanguage":"fr-FR","potentialAction":[{"@type":"ReadAction","target":["https:\/\/agitated-diffie.164-68-119-74.plesk.page\/index.php\/casinos\/"]}]},{"@type":"BreadcrumbList","@id":"https:\/\/agitated-diffie.164-68-119-74.plesk.page\/index.php\/casinos\/#breadcrumb","itemListElement":[{"@type":"ListItem","position":1,"name":"Accueil","item":"https:\/\/agitated-diffie.164-68-119-74.plesk.page\/"},{"@type":"ListItem","position":2,"name":"Casinos"}]},{"@type":"WebSite","@id":"https:\/\/agitated-diffie.164-68-119-74.plesk.page\/#website","url":"https:\/\/agitated-diffie.164-68-119-74.plesk.page\/","name":"Best Of Casinos Bonus !","description":"","publisher":{"@id":"https:\/\/agitated-diffie.164-68-119-74.plesk.page\/#organization"},"potentialAction":[{"@type":"SearchAction","target":{"@type":"EntryPoint","urlTemplate":"https:\/\/agitated-diffie.164-68-119-74.plesk.page\/?s={search_term_string}"},"query-input":{"@type":"PropertyValueSpecification","valueRequired":true,"valueName":"search_term_string"}}],"inLanguage":"fr-FR"},{"@type":"Organization","@id":"https:\/\/agitated-diffie.164-68-119-74.plesk.page\/#organization","name":"Best Of Casinos Bonus !","url":"https:\/\/agitated-diffie.164-68-119-74.plesk.page\/","logo":{"@type":"ImageObject","inLanguage":"fr-FR","@id":"https:\/\/agitated-diffie.164-68-119-74.plesk.page\/#\/schema\/logo\/image\/","url":"https:\/\/agitated-diffie.164-68-119-74.plesk.page\/wp-content\/uploads\/2025\/10\/cropped-logo-PNG.png","contentUrl":"https:\/\/agitated-diffie.164-68-119-74.plesk.page\/wp-content\/uploads\/2025\/10\/cropped-logo-PNG.png","width":1000,"height":322,"caption":"Best Of Casinos Bonus !"},"image":{"@id":"https:\/\/agitated-diffie.164-68-119-74.plesk.page\/#\/schema\/logo\/image\/"}}]}},"jetpack_sharing_enabled":true,"_links":{"self":[{"href":"https:\/\/agitated-diffie.164-68-119-74.plesk.page\/index.php\/wp-json\/wp\/v2\/pages\/228","targetHints":{"allow":["GET"]}}],"collection":[{"href":"https:\/\/agitated-diffie.164-68-119-74.plesk.page\/index.php\/wp-json\/wp\/v2\/pages"}],"about":[{"href":"https:\/\/agitated-diffie.164-68-119-74.plesk.page\/index.php\/wp-json\/wp\/v2\/types\/page"}],"author":[{"embeddable":true,"href":"https:\/\/agitated-diffie.164-68-119-74.plesk.page\/index.php\/wp-json\/wp\/v2\/users\/1"}],"replies":[{"embeddable":true,"href":"https:\/\/agitated-diffie.164-68-119-74.plesk.page\/index.php\/wp-json\/wp\/v2\/comments?post=228"}],"version-history":[{"count":1,"href":"https:\/\/agitated-diffie.164-68-119-74.plesk.page\/index.php\/wp-json\/wp\/v2\/pages\/228\/revisions"}],"predecessor-version":[{"id":1284,"href":"https:\/\/agitated-diffie.164-68-119-74.plesk.page\/index.php\/wp-json\/wp\/v2\/pages\/228\/revisions\/1284"}],"wp:attachment":[{"href":"https:\/\/agitated-diffie.164-68-119-74.plesk.page\/index.php\/wp-json\/wp\/v2\/media?parent=228"}],"curies":[{"name":"wp","href":"https:\/\/api.w.org\/{rel}","templated":true}]}}